{"id":5063,"date":"2021-05-03T17:10:21","date_gmt":"2021-05-03T15:10:21","guid":{"rendered":"https:\/\/peilberghof.marbit.at\/imprint-data-protection\/"},"modified":"2021-05-03T17:10:52","modified_gmt":"2021-05-03T15:10:52","slug":"imprint-data-protection","status":"publish","type":"page","link":"https:\/\/peilberghof.marbit.at\/en\/imprint-data-protection\/","title":{"rendered":"Imprint Data Protection"},"content":{"rendered":"\t\t<div data-elementor-type=\"wp-page\" data-elementor-id=\"5063\" class=\"elementor elementor-5063 elementor-479\">\n\t\t\t\t\t\t<section class=\"elementor-section elementor-top-section elementor-element elementor-element-4a17cc4e elementor-section-boxed elementor-section-height-default elementor-section-height-default\" data-id=\"4a17cc4e\" data-element_type=\"section\" data-e-type=\"section\">\n\t\t\t\t\t\t<div class=\"elementor-container elementor-column-gap-default\">\n\t\t\t\t\t<div class=\"elementor-column elementor-col-100 elementor-top-column elementor-element elementor-element-73203e23\" data-id=\"73203e23\" data-element_type=\"column\" data-e-type=\"column\">\n\t\t\t<div class=\"elementor-widget-wrap elementor-element-populated\">\n\t\t\t\t\t\t<div class=\"elementor-element elementor-element-3c144b4e elementor-widget elementor-widget-text-editor\" data-id=\"3c144b4e\" data-element_type=\"widget\" data-e-type=\"widget\" data-widget_type=\"text-editor.default\">\n\t\t\t\t<div class=\"elementor-widget-container\">\n\t\t\t\t\t\t\t\t\t<h1>Imprint Data Protection<\/h1>\n<p>According to \u00a7 5 Abs. 1 of the Austrian eCommerce Act (ECG) and Section 24 of the Media Act, we hereby announce ourselves as the operator of this website:<\/p>\n<p><strong>Peilberghof<\/strong><br \/><strong>Family Anton and Gundi Riedlsberger<\/strong><\/p>\n<p>Grubing 6<br \/>Lahn goods route<br \/>5731 Hollersbach<br \/>Austria<\/p>\n<p>Tel .: +43 6562 8190<br \/>Mobile: 0664 5080550<br \/><a href=\"mailto:info@peilberghof.at\">info@peilberghof.at<\/a><br \/><a href=\"https:\/\/peilberghof.marbit.at\/pages\/de\/home.php\" target=\"_blank\" rel=\"noopener\">www.peilberghof.a<\/a> t<\/p>\n<p>Reg: 50605-003006-2020<\/p>\n\t\t\t\t\t\t\t\t<\/div>\n\t\t\t\t<\/div>\n\t\t\t\t<div class=\"elementor-element elementor-element-25078ac elementor-widget-divider--view-line elementor-widget elementor-widget-divider\" data-id=\"25078ac\" data-element_type=\"widget\" data-e-type=\"widget\" data-widget_type=\"divider.default\">\n\t\t\t\t<div class=\"elementor-widget-container\">\n\t\t\t\t\t\t\t<div class=\"elementor-divider\">\n\t\t\t<span class=\"elementor-divider-separator\">\n\t\t\t\t\t\t<\/span>\n\t\t<\/div>\n\t\t\t\t\t\t<\/div>\n\t\t\t\t<\/div>\n\t\t\t\t<div class=\"elementor-element elementor-element-a046435 elementor-widget elementor-widget-text-editor\" data-id=\"a046435\" data-element_type=\"widget\" data-e-type=\"widget\" data-widget_type=\"text-editor.default\">\n\t\t\t\t<div class=\"elementor-widget-container\">\n\t\t\t\t\t\t\t\t\t<h3>Screen design, concept and technical implementation:<\/h3>\n<p>pinzweb.at GmbH &amp; Co KG<br \/>Raiffeisenstrasse 4<br \/>A-5671 Bruck an der Glocknerstrasse<br \/>Austria<br \/>Tel .: +43 (0) 6545 20340<br \/><a href=\"mailto:office@pinzweb.at\">office@pinzweb.at<\/a><br \/><a href=\"http:\/\/www.pinzweb.at\" target=\"_blank\" rel=\"noopener\">www.pinzweb.at<\/a><\/p>\n\t\t\t\t\t\t\t\t<\/div>\n\t\t\t\t<\/div>\n\t\t\t\t<div class=\"elementor-element elementor-element-602428c elementor-widget-divider--view-line elementor-widget elementor-widget-divider\" data-id=\"602428c\" data-element_type=\"widget\" data-e-type=\"widget\" data-widget_type=\"divider.default\">\n\t\t\t\t<div class=\"elementor-widget-container\">\n\t\t\t\t\t\t\t<div class=\"elementor-divider\">\n\t\t\t<span class=\"elementor-divider-separator\">\n\t\t\t\t\t\t<\/span>\n\t\t<\/div>\n\t\t\t\t\t\t<\/div>\n\t\t\t\t<\/div>\n\t\t\t\t<div class=\"elementor-element elementor-element-7a55bf4 elementor-widget elementor-widget-text-editor\" data-id=\"7a55bf4\" data-element_type=\"widget\" data-e-type=\"widget\" data-widget_type=\"text-editor.default\">\n\t\t\t\t<div class=\"elementor-widget-container\">\n\t\t\t\t\t\t\t\t\t<h3>Content of the online offer<\/h3>\n<p>The Peilberghof assumes no liability for the topicality, correctness, completeness or quality of the information provided. Liability claims against Peilberghof relating to material or immaterial damage caused by the use or non-use of the information provided or by the use of incorrect and incomplete information are fundamentally excluded, unless it can be proven that the Peilberghof acted with willful intent or gross negligence is present. All offers are non-binding. The Peilberghof expressly reserves the right to change, add to, or delete parts of the pages or the entire offer or to temporarily or permanently cease publication without prior notice.<\/p>\n\t\t\t\t\t\t\t\t<\/div>\n\t\t\t\t<\/div>\n\t\t\t\t<div class=\"elementor-element elementor-element-c7da674 elementor-widget-divider--view-line elementor-widget elementor-widget-divider\" data-id=\"c7da674\" data-element_type=\"widget\" data-e-type=\"widget\" data-widget_type=\"divider.default\">\n\t\t\t\t<div class=\"elementor-widget-container\">\n\t\t\t\t\t\t\t<div class=\"elementor-divider\">\n\t\t\t<span class=\"elementor-divider-separator\">\n\t\t\t\t\t\t<\/span>\n\t\t<\/div>\n\t\t\t\t\t\t<\/div>\n\t\t\t\t<\/div>\n\t\t\t\t<div class=\"elementor-element elementor-element-7b694ce elementor-widget elementor-widget-text-editor\" data-id=\"7b694ce\" data-element_type=\"widget\" data-e-type=\"widget\" data-widget_type=\"text-editor.default\">\n\t\t\t\t<div class=\"elementor-widget-container\">\n\t\t\t\t\t\t\t\t\t<h3>References and links<\/h3>\n<p>In the case of direct or indirect references to external websites, so-called &#8220;links&#8221;, which are outside the area of responsibility of the Peilberghof, a liability obligation would only come into force in the event that the Peilberghof is aware of the content and this would be technically possible and reasonable, to prevent use in the event of illegal content. The Peilberghof hereby expressly declares that the linked pages were free of illegal content at the time the links were created. The Peilberghof has no influence on the current and future design, content or authorship of the linked or connected pages. Therefore, the Peilberghof hereby expressly distances itself from all contents of all linked or connected pages that have been changed after the link was set. This statement applies to all links and references set within the company&#8217;s own website as well as to third-party entries in services set up by the company such as guest books, discussion forums, mailing lists and the like. For illegal, incorrect or incomplete content and in particular for damage resulting from the use or non-use of information presented in this way, the provider of the page to which reference was made is solely liable, not the person who merely refers to the respective publication via links.<\/p>\n\t\t\t\t\t\t\t\t<\/div>\n\t\t\t\t<\/div>\n\t\t\t\t<div class=\"elementor-element elementor-element-4a5d29b elementor-widget-divider--view-line elementor-widget elementor-widget-divider\" data-id=\"4a5d29b\" data-element_type=\"widget\" data-e-type=\"widget\" data-widget_type=\"divider.default\">\n\t\t\t\t<div class=\"elementor-widget-container\">\n\t\t\t\t\t\t\t<div class=\"elementor-divider\">\n\t\t\t<span class=\"elementor-divider-separator\">\n\t\t\t\t\t\t<\/span>\n\t\t<\/div>\n\t\t\t\t\t\t<\/div>\n\t\t\t\t<\/div>\n\t\t\t\t<div class=\"elementor-element elementor-element-4d5133e elementor-widget elementor-widget-text-editor\" data-id=\"4d5133e\" data-element_type=\"widget\" data-e-type=\"widget\" data-widget_type=\"text-editor.default\">\n\t\t\t\t<div class=\"elementor-widget-container\">\n\t\t\t\t\t\t\t\t\t<h3>Copyright and Trademark Law<\/h3>\n<p><strong>Photo credit<\/strong> : Own, TVB Saalfelden \/ Leogang, Salzburger Land Tourismus, TVB Zell am See &#8211; Kaprun, Hochk\u00f6nig region, TVB Saalbach &#8211; Hinterglemm &#8211; Leogang, TVB Mittersill, F. Reifm\u00fcller, Fr\u00f6hlich Sepp, farm holidays<br \/>The Peilberghof endeavors to observe the copyrights of the graphics, audio documents, video sequences and texts used in all publications, to use graphics, audio documents, video sequences and texts it has created itself or to use license-free graphics, audio documents, video sequences and texts. All brands and trademarks mentioned on the website and possibly protected by third parties are subject without restriction to the provisions of the applicable trademark law and the ownership rights of the respective registered owner. The conclusion that trademarks are not protected by the rights of third parties should not be drawn simply because they are mentioned! The copyright for published objects created by Peilberghof remains solely with the owner of the pages. Any duplication or use of such graphics, audio files, video sequences and texts in other electronic or printed publications is not permitted without the express consent of the Peilberghof.<\/p>\n\t\t\t\t\t\t\t\t<\/div>\n\t\t\t\t<\/div>\n\t\t\t\t<div class=\"elementor-element elementor-element-5a02f75 elementor-widget-divider--view-line elementor-widget elementor-widget-divider\" data-id=\"5a02f75\" data-element_type=\"widget\" data-e-type=\"widget\" data-widget_type=\"divider.default\">\n\t\t\t\t<div class=\"elementor-widget-container\">\n\t\t\t\t\t\t\t<div class=\"elementor-divider\">\n\t\t\t<span class=\"elementor-divider-separator\">\n\t\t\t\t\t\t<\/span>\n\t\t<\/div>\n\t\t\t\t\t\t<\/div>\n\t\t\t\t<\/div>\n\t\t\t\t<div class=\"elementor-element elementor-element-3af6269 elementor-widget elementor-widget-text-editor\" data-id=\"3af6269\" data-element_type=\"widget\" data-e-type=\"widget\" data-widget_type=\"text-editor.default\">\n\t\t\t\t<div class=\"elementor-widget-container\">\n\t\t\t\t\t\t\t\t\t<h3>Copyright \/ liability<\/h3>\n<p>With regard to the technical properties of the Internet, no guarantee can be given for the authenticity, correctness and completeness of the information made available on the Internet. There is also no guarantee for the availability or operation of this website and its content. Any liability for direct, indirect or other damages, regardless of their causes, arising from the use or unavailability of the data and information on this website, is excluded, as far as legally permissible. The content of this website is protected by copyright. The information is intended for personal use only. Any further use, in particular storage in databases, duplication and any form of commercial use as well as disclosure to third parties, even in parts or in revised form, without the consent of the respective organization is prohibited. Any integration of individual pages of our offer in external frames is prohibited.<\/p>\n\t\t\t\t\t\t\t\t<\/div>\n\t\t\t\t<\/div>\n\t\t\t\t<div class=\"elementor-element elementor-element-15f8575 elementor-widget-divider--view-line elementor-widget elementor-widget-divider\" data-id=\"15f8575\" data-element_type=\"widget\" data-e-type=\"widget\" data-widget_type=\"divider.default\">\n\t\t\t\t<div class=\"elementor-widget-container\">\n\t\t\t\t\t\t\t<div class=\"elementor-divider\">\n\t\t\t<span class=\"elementor-divider-separator\">\n\t\t\t\t\t\t<\/span>\n\t\t<\/div>\n\t\t\t\t\t\t<\/div>\n\t\t\t\t<\/div>\n\t\t\t\t<div class=\"elementor-element elementor-element-40caf17 elementor-widget elementor-widget-text-editor\" data-id=\"40caf17\" data-element_type=\"widget\" data-e-type=\"widget\" data-widget_type=\"text-editor.default\">\n\t\t\t\t<div class=\"elementor-widget-container\">\n\t\t\t\t\t\t\t\t\t<h3>miscellaneous<\/h3>\n<p>If parts or individual formulations of this text do not, no longer or not completely correspond to the current legal situation, the remaining parts of the document remain unaffected in their content and validity.<\/p>\n\t\t\t\t\t\t\t\t<\/div>\n\t\t\t\t<\/div>\n\t\t\t\t<div class=\"elementor-element elementor-element-5ce2c94 elementor-widget-divider--view-line elementor-widget elementor-widget-divider\" data-id=\"5ce2c94\" data-element_type=\"widget\" data-e-type=\"widget\" data-widget_type=\"divider.default\">\n\t\t\t\t<div class=\"elementor-widget-container\">\n\t\t\t\t\t\t\t<div class=\"elementor-divider\">\n\t\t\t<span class=\"elementor-divider-separator\">\n\t\t\t\t\t\t<\/span>\n\t\t<\/div>\n\t\t\t\t\t\t<\/div>\n\t\t\t\t<\/div>\n\t\t\t\t<div class=\"elementor-element elementor-element-80f705f elementor-widget elementor-widget-text-editor\" data-id=\"80f705f\" data-element_type=\"widget\" data-e-type=\"widget\" data-widget_type=\"text-editor.default\">\n\t\t\t\t<div class=\"elementor-widget-container\">\n\t\t\t\t\t\t\t\t\t<h3>Google Analytics<\/h3>\n<p>This website uses Google Analytics, a web analysis service from Google Inc. (&#8220;Google&#8221;). Google Analytics uses so-called \u201ccookies\u201d, text files that are stored on your computer and that enable your use of the website to be analyzed. The information generated by the cookie about your use of this website (including your IP address) is transmitted to and stored by Google on servers in the United States. Google will use this information to evaluate your use of the website, to compile reports on website activity for the website operator and to provide other services relating to website activity and internet usage. Google may also transfer this information to third parties if this is required by law or if third parties process this data on behalf of Google. Under no circumstances will Google associate your IP address with other Google data. You can prevent the installation of cookies by setting your browser software accordingly; however, we would like to point out that in this case you may not be able to use all functions of this website to their full extent. By using this website, you consent to the processing of the data collected about you by Google in the manner described above and for the purpose stated above.<\/p>\n<p>If you do not want us to analyze your IP address, language setting, device, etc., we recommend using the Google Analytics browser add-on to deactivate Google Analytics. The browser add-on for deactivating Google Analytics gives you more control over which data on the websites you visit is recorded by Google Analytics. The add-on informs the JavaScript (ga.js) of Google Analytics that no information about the website visit should be transmitted to Google Analytics.<\/p>\n<p>If you want to use this function, download the add-on and install it for your current web browser. The browser add-on for deactivating Google Analytics is available for Internet Explorer, Google Chrome, Mozilla Firefox, Apple Safari and Opera.<\/p>\n<h4>Download<\/h4>\n<p><a href=\"https:\/\/tools.google.com\/dlpage\/gaoptout?hl=de%20verlinkt%20werden\" target=\"_blank\" rel=\"noopener\">https:\/\/tools.google.com\/dlpage\/gaoptout?hl=de%20verlinkt%20werden<\/a><\/p>\n\t\t\t\t\t\t\t\t<\/div>\n\t\t\t\t<\/div>\n\t\t\t\t<div class=\"elementor-element elementor-element-338c85b elementor-widget-divider--view-line elementor-widget elementor-widget-divider\" data-id=\"338c85b\" data-element_type=\"widget\" data-e-type=\"widget\" data-widget_type=\"divider.default\">\n\t\t\t\t<div class=\"elementor-widget-container\">\n\t\t\t\t\t\t\t<div class=\"elementor-divider\">\n\t\t\t<span class=\"elementor-divider-separator\">\n\t\t\t\t\t\t<\/span>\n\t\t<\/div>\n\t\t\t\t\t\t<\/div>\n\t\t\t\t<\/div>\n\t\t\t\t<div class=\"elementor-element elementor-element-e4ff8cf elementor-widget elementor-widget-text-editor\" data-id=\"e4ff8cf\" data-element_type=\"widget\" data-e-type=\"widget\" data-widget_type=\"text-editor.default\">\n\t\t\t\t<div class=\"elementor-widget-container\">\n\t\t\t\t\t\t\t\t\t<h3>Privacy &amp; Cookies<\/h3>\n<p>Data protection declaration according to the Telecommunications Act (TKG) and the Data Protection Act (DSG)<\/p>\n<h4>Data processing<\/h4>\n<p>Personal data that you have transmitted to us via a website or email will only be processed for correspondence with you and only for the purpose for which you made your data available to us. The data made available will only be forwarded to the responsible office in the company.<\/p>\n<p>We assure you that your personal data will not be passed on to third parties unless this is required by law.<\/p>\n<h4>Data storage<\/h4>\n<p>The data made available to us will only be stored until the purpose for which they were entrusted to us has been fulfilled. If statutory retention periods are to be observed, these will be adhered to.<\/p>\n<p>If you no longer agree to the storage of your personal data, we will delete the stored data on your instruction. If your personal data has changed, we will correct it according to your information.<\/p>\n\t\t\t\t\t\t\t\t<\/div>\n\t\t\t\t<\/div>\n\t\t\t\t<div class=\"elementor-element elementor-element-f3eef2e elementor-widget-divider--view-line elementor-widget elementor-widget-divider\" data-id=\"f3eef2e\" data-element_type=\"widget\" data-e-type=\"widget\" data-widget_type=\"divider.default\">\n\t\t\t\t<div class=\"elementor-widget-container\">\n\t\t\t\t\t\t\t<div class=\"elementor-divider\">\n\t\t\t<span class=\"elementor-divider-separator\">\n\t\t\t\t\t\t<\/span>\n\t\t<\/div>\n\t\t\t\t\t\t<\/div>\n\t\t\t\t<\/div>\n\t\t\t\t<div class=\"elementor-element elementor-element-d546c20 elementor-widget elementor-widget-text-editor\" data-id=\"d546c20\" data-element_type=\"widget\" data-e-type=\"widget\" data-widget_type=\"text-editor.default\">\n\t\t\t\t<div class=\"elementor-widget-container\">\n\t\t\t\t\t\t\t\t\t<h3>Change the cookie settings<\/h3>\n<p>In your browser settings (e.g. Internet Explorer, Safari, Firefox, Chrome) you can specify which cookies you want to allow or reject. Where exactly you can find these settings depends on your browser. You can find the relevant settings using the help function of your browser.<\/p>\n\t\t\t\t\t\t\t\t<\/div>\n\t\t\t\t<\/div>\n\t\t\t\t<div class=\"elementor-element elementor-element-f827ffe elementor-widget-divider--view-line elementor-widget elementor-widget-divider\" data-id=\"f827ffe\" data-element_type=\"widget\" data-e-type=\"widget\" data-widget_type=\"divider.default\">\n\t\t\t\t<div class=\"elementor-widget-container\">\n\t\t\t\t\t\t\t<div class=\"elementor-divider\">\n\t\t\t<span class=\"elementor-divider-separator\">\n\t\t\t\t\t\t<\/span>\n\t\t<\/div>\n\t\t\t\t\t\t<\/div>\n\t\t\t\t<\/div>\n\t\t\t\t<div class=\"elementor-element elementor-element-ac0dfbc elementor-widget elementor-widget-text-editor\" data-id=\"ac0dfbc\" data-element_type=\"widget\" data-e-type=\"widget\" data-widget_type=\"text-editor.default\">\n\t\t\t\t<div class=\"elementor-widget-container\">\n\t\t\t\t\t\t\t\t\t<h3>Online dispute resolution<\/h3>\n<p>The EU regulation on online dispute resolution in consumer affairs (No. 524\/2013) has been in force since 9 January 2016. Disputes between consumers and retailers in connection with online sales contracts or online service contracts can be settled via the following online platform.<br \/><a href=\"http:\/\/ec.europa.eu\/consumers\/odr\/\" target=\"_blank\" rel=\"noopener\">http:\/\/ec.europa.eu\/consumers\/odr\/<\/a><\/p>\n<p>The security of your data is important to us. We use them exclusively for a specific purpose and only pass them on to third parties if they contribute to the fulfillment of the purpose on our express instructions. According to the EU General Data Protection Regulation (GDPR) and the Federal Law Gazette 2017\/120 (LINK) of the Republic of Austria with final effect on May 25, 2018, users have the right to request information about the personal data that we have stored about them free of charge . In addition, every customer or user has the right to correct incorrect data, block and delete his or her personal data at any time, as long as there is no statutory retention or reporting obligation.<\/p>\n\t\t\t\t\t\t\t\t<\/div>\n\t\t\t\t<\/div>\n\t\t\t\t<div class=\"elementor-element elementor-element-5dc4314 elementor-widget-divider--view-line elementor-widget elementor-widget-divider\" data-id=\"5dc4314\" data-element_type=\"widget\" data-e-type=\"widget\" data-widget_type=\"divider.default\">\n\t\t\t\t<div class=\"elementor-widget-container\">\n\t\t\t\t\t\t\t<div class=\"elementor-divider\">\n\t\t\t<span class=\"elementor-divider-separator\">\n\t\t\t\t\t\t<\/span>\n\t\t<\/div>\n\t\t\t\t\t\t<\/div>\n\t\t\t\t<\/div>\n\t\t\t\t<div class=\"elementor-element elementor-element-0d2b0f5 elementor-widget elementor-widget-text-editor\" data-id=\"0d2b0f5\" data-element_type=\"widget\" data-e-type=\"widget\" data-widget_type=\"text-editor.default\">\n\t\t\t\t<div class=\"elementor-widget-container\">\n\t\t\t\t\t\t\t\t\t<h3>Share function: &#8220;Shariff&#8221;<\/h3>\n<p>As a share function, this website only uses the data protection-safe buttons from &#8220;Shariff&#8221;, a project by c\u00b4t for more privacy on the Internet. These buttons replace the usual social media share buttons of social networks and are only integrated as graphics. More information can be found here.<\/p>\n\t\t\t\t\t\t\t\t<\/div>\n\t\t\t\t<\/div>\n\t\t\t\t\t<\/div>\n\t\t<\/div>\n\t\t\t\t\t<\/div>\n\t\t<\/section>\n\t\t\t\t<\/div>\n\t\t","protected":false},"excerpt":{"rendered":"<p>Imprint Data Protection According to \u00a7 5 Abs. 1 of the Austrian eCommerce Act (ECG) and Section 24 of the Media Act, we hereby announce ourselves as the operator of this website: PeilberghofFamily Anton and Gundi Riedlsberger Grubing 6Lahn goods route5731 HollersbachAustria Tel .: +43 6562 8190Mobile: 0664 5080550info@peilberghof.atwww.peilberghof.a t Reg: 50605-003006-2020 Screen design, concept [&hellip;]<\/p>\n","protected":false},"author":1,"featured_media":0,"parent":0,"menu_order":0,"comment_status":"closed","ping_status":"closed","template":"","meta":{"site-sidebar-layout":"default","site-content-layout":"default","ast-site-content-layout":"default","site-content-style":"default","site-sidebar-style":"default","ast-global-header-display":"","ast-banner-title-visibility":"","ast-main-header-display":"","ast-hfb-above-header-display":"","ast-hfb-below-header-display":"","ast-hfb-mobile-header-display":"","site-post-title":"","ast-breadcrumbs-content":"","ast-featured-img":"","footer-sml-layout":"","ast-disable-related-posts":"","theme-transparent-header-meta":"default","adv-header-id-meta":"","stick-header-meta":"","header-above-stick-meta":"","header-main-stick-meta":"","header-below-stick-meta":"","astra-migrate-meta-layouts":"default","ast-page-background-enabled":"default","ast-page-background-meta":{"desktop":{"background-color":"","background-image":"","background-repeat":"repeat","background-position":"center center","background-size":"auto","background-attachment":"scroll","background-type":"","background-media":"","overlay-type":"","overlay-color":"","overlay-opacity":"","overlay-gradient":""},"tablet":{"background-color":"","background-image":"","background-repeat":"repeat","background-position":"center center","background-size":"auto","background-attachment":"scroll","background-type":"","background-media":"","overlay-type":"","overlay-color":"","overlay-opacity":"","overlay-gradient":""},"mobile":{"background-color":"","background-image":"","background-repeat":"repeat","background-position":"center center","background-size":"auto","background-attachment":"scroll","background-type":"","background-media":"","overlay-type":"","overlay-color":"","overlay-opacity":"","overlay-gradient":""}},"ast-content-background-meta":{"desktop":{"background-color":"var(--ast-global-color-5)","background-image":"","background-repeat":"repeat","background-position":"center center","background-size":"auto","background-attachment":"scroll","background-type":"","background-media":"","overlay-type":"","overlay-color":"","overlay-opacity":"","overlay-gradient":""},"tablet":{"background-color":"var(--ast-global-color-5)","background-image":"","background-repeat":"repeat","background-position":"center center","background-size":"auto","background-attachment":"scroll","background-type":"","background-media":"","overlay-type":"","overlay-color":"","overlay-opacity":"","overlay-gradient":""},"mobile":{"background-color":"var(--ast-global-color-5)","background-image":"","background-repeat":"repeat","background-position":"center center","background-size":"auto","background-attachment":"scroll","background-type":"","background-media":"","overlay-type":"","overlay-color":"","overlay-opacity":"","overlay-gradient":""}},"powered_cache_disable_lazyload":false,"powered_cache_disable_js_defer":false,"powered_cache_disable_js_delay":false,"footnotes":""},"class_list":["post-5063","page","type-page","status-publish","hentry"],"_links":{"self":[{"href":"https:\/\/peilberghof.marbit.at\/en\/wp-json\/wp\/v2\/pages\/5063","targetHints":{"allow":["GET"]}}],"collection":[{"href":"https:\/\/peilberghof.marbit.at\/en\/wp-json\/wp\/v2\/pages"}],"about":[{"href":"https:\/\/peilberghof.marbit.at\/en\/wp-json\/wp\/v2\/types\/page"}],"author":[{"embeddable":true,"href":"https:\/\/peilberghof.marbit.at\/en\/wp-json\/wp\/v2\/users\/1"}],"replies":[{"embeddable":true,"href":"https:\/\/peilberghof.marbit.at\/en\/wp-json\/wp\/v2\/comments?post=5063"}],"version-history":[{"count":0,"href":"https:\/\/peilberghof.marbit.at\/en\/wp-json\/wp\/v2\/pages\/5063\/revisions"}],"wp:attachment":[{"href":"https:\/\/peilberghof.marbit.at\/en\/wp-json\/wp\/v2\/media?parent=5063"}],"curies":[{"name":"wp","href":"https:\/\/api.w.org\/{rel}","templated":true}]}}